{"id":9428,"date":"2025-11-03T13:30:30","date_gmt":"2025-11-03T13:30:30","guid":{"rendered":"https:\/\/www.krispper.si\/product\/tropickrisp-mix-aus-ananas-mango-apfelkissen-mit-orangengeschmack\/"},"modified":"2025-11-03T13:30:30","modified_gmt":"2025-11-03T12:30:30","slug":"tropickrisp-mix-aus-ananas-mango-apfelkissen-mit-orangengeschmack","status":"publish","type":"product","link":"https:\/\/www.krispper.si\/de\/produkt\/tropickrisp-mix-aus-ananas-mango-apfelkissen-mit-orangengeschmack\/","title":{"rendered":"Tropickrisp \u2013 Mix aus Ananas, Mango, Apfelkissen mit Orangengeschmack"},"content":{"rendered":"<section class=\"applekrisp\" aria-label=\"Tropickrisp opis izdelka\">\n<div class=\"applekrisp__card\">\n<header class=\"applekrisp__header\">\n<h2 class=\"applekrisp__title\">Tropickrisp Fruchtmix<\/h2>\n<p class=\"applekrisp__lead\">\n Tropickrisp Fruchtmix ist ein knuspriger Fruchtsnack aus Ananas, Mango und Apfelkissen mit Orangengeschmack. Er bietet eine ausgewogene Kombination aus tropischer Frische und nat\u00fcrlicher Fruchts\u00fc\u00dfe.\n      <\/p>\n<\/header>\n<ul class=\"applekrisp__badges\" role=\"list\">\n<li class=\"applekrisp__badge\">100 % Frucht<\/li>\n<li class=\"applekrisp__badge\">Ohne Zuckerzusatz<\/li>\n<li class=\"applekrisp__badge\">Ohne Konservierungsstoffe<\/li>\n<li class=\"applekrisp__badge\">Ohne k\u00fcnstliche Zusatzstoffe<\/li>\n<\/ul>\n<div class=\"applekrisp__content\">\n<h3 class=\"applekrisp__subtitle\">Wie kannst du ihn genie\u00dfen?<\/h3>\n<p>\n Der Snack ist ideal f\u00fcr alle, die fruchtige Vielfalt in knuspriger Form wollen oder eine nat\u00fcrliche Alternative zu klassischen Snacks suchen. Perfekt als Snack in der Schule, bei der Arbeit, beim Sport oder unterwegs \u2013 und auch zum Knabbern beim Zusammensein. Passt super zu Joghurt, M\u00fcsli, Milchprodukten, Obst- und Gem\u00fcsesalaten sowie als Deko f\u00fcr verschiedene Gerichte.\n      <\/p>\n<h3 class=\"applekrisp__subtitle\">Wie entsteht er?<\/h3>\n<p>\n Hergestellt mit einem einzigartigen Vakuumtrocknungsverfahren bei niedriger Temperatur und niedrigem Druck \u2013 ohne vorheriges Einfrieren. So beh\u00e4lt das Obst sein nat\u00fcrliches Aroma, seine Farbe und N\u00e4hrstoffe und bekommt die typische Krispper-Knusprigkeit.\n      <\/p>\n<\/p><\/div>\n<footer class=\"applekrisp__footer\">\n      <strong class=\"applekrisp__tagline\">Nur Frucht und tropische Knusprigkeit.<\/strong><br \/>\n    <\/footer>\n<\/p><\/div>\n<\/section>\n","protected":false},"excerpt":{"rendered":"<p>Tropickrisp Fruchtmix Tropickrisp Fruchtmix ist ein knuspriger Fruchtsnack aus Ananas, Mango und Apfelkissen mit Orangengeschmack. Er bietet eine ausgewogene Kombination aus tropischer Frische und nat\u00fcrlicher Fruchts\u00fc\u00dfe. 100 % Frucht Ohne Zuckerzusatz Ohne Konservierungsstoffe Ohne k\u00fcnstliche Zusatzstoffe Wie kannst du ihn genie\u00dfen? Der Snack ist ideal f\u00fcr alle, die fruchtige Vielfalt in knuspriger Form wollen oder [&hellip;]<\/p>\n","protected":false},"featured_media":8128,"template":"","meta":[],"product_brand":[],"product_cat":[94],"product_tag":[],"class_list":{"0":"post-9428","1":"product","2":"type-product","3":"status-publish","4":"has-post-thumbnail","6":"product_cat-gemischtes-obst","8":"first","9":"instock","10":"taxable","11":"shipping-taxable","12":"purchasable","13":"product-type-variable","14":"has-default-attributes"},"_links":{"self":[{"href":"https:\/\/www.krispper.si\/de\/wp-json\/wp\/v2\/product\/9428","targetHints":{"allow":["GET"]}}],"collection":[{"href":"https:\/\/www.krispper.si\/de\/wp-json\/wp\/v2\/product"}],"about":[{"href":"https:\/\/www.krispper.si\/de\/wp-json\/wp\/v2\/types\/product"}],"wp:featuredmedia":[{"embeddable":true,"href":"https:\/\/www.krispper.si\/de\/wp-json\/wp\/v2\/media\/8128"}],"wp:attachment":[{"href":"https:\/\/www.krispper.si\/de\/wp-json\/wp\/v2\/media?parent=9428"}],"wp:term":[{"taxonomy":"product_brand","embeddable":true,"href":"https:\/\/www.krispper.si\/de\/wp-json\/wp\/v2\/product_brand?post=9428"},{"taxonomy":"product_cat","embeddable":true,"href":"https:\/\/www.krispper.si\/de\/wp-json\/wp\/v2\/product_cat?post=9428"},{"taxonomy":"product_tag","embeddable":true,"href":"https:\/\/www.krispper.si\/de\/wp-json\/wp\/v2\/product_tag?post=9428"}],"curies":[{"name":"wp","href":"https:\/\/api.w.org\/{rel}","templated":true}]}}