{"id":9410,"date":"2025-06-03T12:10:27","date_gmt":"2025-06-03T12:10:27","guid":{"rendered":"https:\/\/www.krispper.si\/product\/applekrisp-apfelkissen-natur\/"},"modified":"2025-06-03T12:10:27","modified_gmt":"2025-06-03T11:10:27","slug":"applekrisp-apfelkissen-natur","status":"publish","type":"product","link":"https:\/\/www.krispper.si\/de\/produkt\/applekrisp-apfelkissen-natur\/","title":{"rendered":"Applekrisp \u2013 Apfelkissen natur"},"content":{"rendered":"<section class=\"applekrisp\" aria-label=\"Applekrisp opis izdelka\">\n<div class=\"applekrisp__card\">\n<header class=\"applekrisp__header\">\n<h2 class=\"applekrisp__title\">Applekrisp Apfelkissen<\/h2>\n<p class=\"applekrisp__lead\">\n Applekrisp Apfelkissen natur sind ein knuspriger Fruchtsnack aus \u00c4pfeln \u2013 ohne zugesetzte Aromen. Sie betonen den reinen, nat\u00fcrlichen Fruchtgeschmack und bieten ein einfaches, ausgewogenes Genusserlebnis.\n      <\/p>\n<\/header>\n<ul class=\"applekrisp__badges\" role=\"list\">\n<li class=\"applekrisp__badge\">100 % Frucht<\/li>\n<li class=\"applekrisp__badge\">Ohne Zuckerzusatz<\/li>\n<li class=\"applekrisp__badge\">Ohne Konservierungsstoffe<\/li>\n<li class=\"applekrisp__badge\">Ohne k\u00fcnstliche Zusatzstoffe<\/li>\n<\/ul>\n<div class=\"applekrisp__content\">\n<h3 class=\"applekrisp__subtitle\">Wie kannst du sie genie\u00dfen?<\/h3>\n<p>\n Der Snack ist ideal f\u00fcr alle, die den nat\u00fcrlichen Apfelgeschmack in knuspriger Form sch\u00e4tzen. Perfekt als Snack zu Hause, in der Schule oder bei der Arbeit \u2013 und auch zum Knabbern beim Zusammensein. Passt super zu Joghurt, M\u00fcsli, Milchprodukten, Obstsalaten und als neutraler Crunch zu vielen Gerichten.\n      <\/p>\n<h3 class=\"applekrisp__subtitle\">Wie entsteht es?<\/h3>\n<p>\n Die Kissen entstehen durch ein einzigartiges Vakuumtrocknungsverfahren bei niedriger Temperatur und niedrigem Druck \u2013 ohne vorheriges Einfrieren. So bleiben nat\u00fcrliches Aroma, Farbe und N\u00e4hrstoffe der Frucht sowie die typische Krispper-Knusprigkeit erhalten.\n      <\/p>\n<\/p><\/div>\n<footer class=\"applekrisp__footer\">\n      <strong class=\"applekrisp__tagline\">Reiner Apfelgeschmack in knuspriger Form.<\/strong><br \/>\n    <\/footer>\n<\/p><\/div>\n<\/section>\n","protected":false},"excerpt":{"rendered":"<p>Applekrisp Apfelkissen Applekrisp Apfelkissen natur sind ein knuspriger Fruchtsnack aus \u00c4pfeln \u2013 ohne zugesetzte Aromen. Sie betonen den reinen, nat\u00fcrlichen Fruchtgeschmack und bieten ein einfaches, ausgewogenes Genusserlebnis. 100 % Frucht Ohne Zuckerzusatz Ohne Konservierungsstoffe Ohne k\u00fcnstliche Zusatzstoffe Wie kannst du sie genie\u00dfen? Der Snack ist ideal f\u00fcr alle, die den nat\u00fcrlichen Apfelgeschmack in knuspriger Form [&hellip;]<\/p>\n","protected":false},"featured_media":8088,"template":"","meta":[],"product_brand":[],"product_cat":[91],"product_tag":[],"class_list":{"0":"post-9410","1":"product","2":"type-product","3":"status-publish","4":"has-post-thumbnail","6":"product_cat-apfel","8":"first","9":"instock","10":"taxable","11":"shipping-taxable","12":"purchasable","13":"product-type-variable","14":"has-default-attributes"},"_links":{"self":[{"href":"https:\/\/www.krispper.si\/de\/wp-json\/wp\/v2\/product\/9410","targetHints":{"allow":["GET"]}}],"collection":[{"href":"https:\/\/www.krispper.si\/de\/wp-json\/wp\/v2\/product"}],"about":[{"href":"https:\/\/www.krispper.si\/de\/wp-json\/wp\/v2\/types\/product"}],"wp:featuredmedia":[{"embeddable":true,"href":"https:\/\/www.krispper.si\/de\/wp-json\/wp\/v2\/media\/8088"}],"wp:attachment":[{"href":"https:\/\/www.krispper.si\/de\/wp-json\/wp\/v2\/media?parent=9410"}],"wp:term":[{"taxonomy":"product_brand","embeddable":true,"href":"https:\/\/www.krispper.si\/de\/wp-json\/wp\/v2\/product_brand?post=9410"},{"taxonomy":"product_cat","embeddable":true,"href":"https:\/\/www.krispper.si\/de\/wp-json\/wp\/v2\/product_cat?post=9410"},{"taxonomy":"product_tag","embeddable":true,"href":"https:\/\/www.krispper.si\/de\/wp-json\/wp\/v2\/product_tag?post=9410"}],"curies":[{"name":"wp","href":"https:\/\/api.w.org\/{rel}","templated":true}]}}