{"id":9393,"date":"2025-06-03T12:09:43","date_gmt":"2025-06-03T12:09:43","guid":{"rendered":"https:\/\/www.krispper.si\/product\/applekrisp-apfelkissen-mit-erdbeer-und-mangogeschmack\/"},"modified":"2025-06-03T12:09:43","modified_gmt":"2025-06-03T11:09:43","slug":"applekrisp-apfelkissen-mit-erdbeer-und-mangogeschmack","status":"publish","type":"product","link":"https:\/\/www.krispper.si\/de\/produkt\/applekrisp-apfelkissen-mit-erdbeer-und-mangogeschmack\/","title":{"rendered":"Applekrisp \u2013 Apfelkissen mit Erdbeer- und Mangogeschmack"},"content":{"rendered":"<section class=\"applekrisp\" aria-label=\"Applekrisp opis izdelka\">\n<div class=\"applekrisp__card\">\n<header class=\"applekrisp__header\">\n<h2 class=\"applekrisp__title\">Applekrisp Apfelkissen<\/h2>\n<p class=\"applekrisp__lead\">\n Applekrisp Apfelkissen sind ein knuspriger Fruchtsnack, verfeinert mit nat\u00fcrlichem Erdbeer- und Mangogeschmack. Sie bieten die perfekte Balance zwischen nat\u00fcrlicher S\u00fc\u00dfe und Frische.\n      <\/p>\n<\/header>\n<ul class=\"applekrisp__badges\" role=\"list\">\n<li class=\"applekrisp__badge\">100 % Frucht<\/li>\n<li class=\"applekrisp__badge\">Ohne Zuckerzusatz<\/li>\n<li class=\"applekrisp__badge\">Ohne Konservierungsstoffe<\/li>\n<li class=\"applekrisp__badge\">Ohne k\u00fcnstliche Zusatzstoffe<\/li>\n<\/ul>\n<div class=\"applekrisp__content\">\n<h3 class=\"applekrisp__subtitle\">Wie kannst du sie genie\u00dfen?<\/h3>\n<p>\n Dieser Snack ist ideal f\u00fcr alle, die gerne naschen oder eine gesunde Alternative zu Chips suchen. Er eignet sich perfekt f\u00fcr die Schule, die Arbeit, beim Sport oder auf Reisen sowie f\u00fcr gesellige Runden. Er passt hervorragend zu Joghurt, M\u00fcsli, Milchprodukten, Obst- und Gem\u00fcsesalaten oder als knusprige Dekoration f\u00fcr verschiedene Gerichte.\n      <\/p>\n<h3 class=\"applekrisp__subtitle\">Wie werden sie hergestellt?<\/h3>\n<p>\n Sie entstehen durch ein einzigartiges Vakuumtrocknungsverfahren bei niedriger Temperatur und geringem Druck, ohne vorheriges Einfrieren. So beh\u00e4lt das Obst sein nat\u00fcrliches Aroma, seine Farbe sowie alle N\u00e4hrstoffe und erh\u00e4lt den typischen Krispper-Crunch.\n      <\/p>\n<\/p><\/div>\n<footer class=\"applekrisp__footer\">\n      <strong class=\"applekrisp__tagline\">Nur Frucht und knuspriger Genuss.<\/strong><br \/>\n    <\/footer>\n<\/p><\/div>\n<\/section>\n","protected":false},"excerpt":{"rendered":"<p>Applekrisp Apfelkissen Applekrisp Apfelkissen sind ein knuspriger Fruchtsnack, verfeinert mit nat\u00fcrlichem Erdbeer- und Mangogeschmack. Sie bieten die perfekte Balance zwischen nat\u00fcrlicher S\u00fc\u00dfe und Frische. 100 % Frucht Ohne Zuckerzusatz Ohne Konservierungsstoffe Ohne k\u00fcnstliche Zusatzstoffe Wie kannst du sie genie\u00dfen? Dieser Snack ist ideal f\u00fcr alle, die gerne naschen oder eine gesunde Alternative zu Chips suchen. [&hellip;]<\/p>\n","protected":false},"featured_media":8094,"template":"","meta":[],"product_brand":[],"product_cat":[94],"product_tag":[],"class_list":{"0":"post-9393","1":"product","2":"type-product","3":"status-publish","4":"has-post-thumbnail","6":"product_cat-gemischtes-obst","8":"first","9":"instock","10":"taxable","11":"shipping-taxable","12":"purchasable","13":"product-type-variable","14":"has-default-attributes"},"_links":{"self":[{"href":"https:\/\/www.krispper.si\/de\/wp-json\/wp\/v2\/product\/9393","targetHints":{"allow":["GET"]}}],"collection":[{"href":"https:\/\/www.krispper.si\/de\/wp-json\/wp\/v2\/product"}],"about":[{"href":"https:\/\/www.krispper.si\/de\/wp-json\/wp\/v2\/types\/product"}],"wp:featuredmedia":[{"embeddable":true,"href":"https:\/\/www.krispper.si\/de\/wp-json\/wp\/v2\/media\/8094"}],"wp:attachment":[{"href":"https:\/\/www.krispper.si\/de\/wp-json\/wp\/v2\/media?parent=9393"}],"wp:term":[{"taxonomy":"product_brand","embeddable":true,"href":"https:\/\/www.krispper.si\/de\/wp-json\/wp\/v2\/product_brand?post=9393"},{"taxonomy":"product_cat","embeddable":true,"href":"https:\/\/www.krispper.si\/de\/wp-json\/wp\/v2\/product_cat?post=9393"},{"taxonomy":"product_tag","embeddable":true,"href":"https:\/\/www.krispper.si\/de\/wp-json\/wp\/v2\/product_tag?post=9393"}],"curies":[{"name":"wp","href":"https:\/\/api.w.org\/{rel}","templated":true}]}}