{"id":9380,"date":"2025-11-03T13:07:47","date_gmt":"2025-11-03T13:07:47","guid":{"rendered":"https:\/\/www.krispper.si\/product\/applekrisp-apfelsticks-mit-weisser-schokolade-verfeinert-mit-kokos-und-vollmilchschokolade\/"},"modified":"2025-11-03T13:07:47","modified_gmt":"2025-11-03T12:07:47","slug":"applekrisp-apfelsticks-mit-weisser-schokolade-verfeinert-mit-kokos-und-vollmilchschokolade","status":"publish","type":"product","link":"https:\/\/www.krispper.si\/de\/produkt\/applekrisp-apfelsticks-mit-weisser-schokolade-verfeinert-mit-kokos-und-vollmilchschokolade\/","title":{"rendered":"Applekrisp &#8211; Apfelsticks mit wei\u00dfer Schokolade verfeinert mit Kokos und Vollmilchschokolade"},"content":{"rendered":"<section class=\"applekrisp\" aria-label=\"Applekrisp opis izdelka\">\n<div class=\"applekrisp__card\">\n<header class=\"applekrisp__header\">\n<h2 class=\"applekrisp__title\">Applekrisp Apfelsticks<\/h2>\n<p class=\"applekrisp__lead\">\n Applekrisp Apfelsticks sind ein knuspriger Fruchtsnack aus \u00c4pfeln, \u00fcberzogen mit wei\u00dfer Schokolade, verfeinert mit Kokos, und Vollmilchschokolade. Sie vereinen nat\u00fcrliche Fruchtfrische mit zarten Schokoladenaromen.\n      <\/p>\n<\/header>\n<ul class=\"applekrisp__badges\" role=\"list\">\n<li class=\"applekrisp__badge\">Fruchtbasis<\/li>\n<li class=\"applekrisp__badge\">Ohne Konservierungsstoffe<\/li>\n<li class=\"applekrisp__badge\">Ohne k\u00fcnstliche Zus\u00e4tze<\/li>\n<li class=\"applekrisp__badge\">Ausgew\u00e4hlte Schokoladen\u00fcberz\u00fcge<\/li>\n<\/ul>\n<div class=\"applekrisp__content\">\n<h3 class=\"applekrisp__subtitle\">Wie kannst du ihn genie\u00dfen?<\/h3>\n<p>\n Der Snack ist perfekt f\u00fcr alle, die eine Kombination aus Obst und Schokolade in knuspriger Form m\u00f6chten. Ideal als Leckerei zu Hause, im B\u00fcro oder unterwegs, aber auch als Snack beim geselligen Beisammensein. Passt gut als eigenst\u00e4ndiger Snack oder als Erg\u00e4nzung zu Desserts, Obsttellern und anderen Gerichten, wo er Geschmack und Optik abrundet.\n      <\/p>\n<h3 class=\"applekrisp__subtitle\">Wie entsteht er?<\/h3>\n<p>\n Die Apfelsticks werden durch Vakuumtrocknung bei niedriger Temperatur und Druck hergestellt, ohne vorheriges Einfrieren, wodurch das nat\u00fcrliche Aroma, die Farbe und die Struktur des Obstes erhalten bleiben. Nach der Trocknung werden sie mit Schokoladen\u00fcberz\u00fcgen veredelt, die die charakteristische Krispper-Knusprigkeit erg\u00e4nzen.\n      <\/p>\n<\/p><\/div>\n<footer class=\"applekrisp__footer\">\n      <strong class=\"applekrisp__tagline\">Obst und Schokolade in knuspriger Harmonie.<\/strong><br \/>\n    <\/footer>\n<\/p><\/div>\n<\/section>\n","protected":false},"excerpt":{"rendered":"<p>Applekrisp Apfelsticks Applekrisp Apfelsticks sind ein knuspriger Fruchtsnack aus \u00c4pfeln, \u00fcberzogen mit wei\u00dfer Schokolade, verfeinert mit Kokos, und Vollmilchschokolade. Sie vereinen nat\u00fcrliche Fruchtfrische mit zarten Schokoladenaromen. Fruchtbasis Ohne Konservierungsstoffe Ohne k\u00fcnstliche Zus\u00e4tze Ausgew\u00e4hlte Schokoladen\u00fcberz\u00fcge Wie kannst du ihn genie\u00dfen? Der Snack ist perfekt f\u00fcr alle, die eine Kombination aus Obst und Schokolade in knuspriger Form [&hellip;]<\/p>\n","protected":false},"featured_media":8145,"template":"","meta":[],"product_brand":[],"product_cat":[98],"product_tag":[],"class_list":{"0":"post-9380","1":"product","2":"type-product","3":"status-publish","4":"has-post-thumbnail","6":"product_cat-schokoladenfrucht","8":"first","9":"instock","10":"taxable","11":"shipping-taxable","12":"purchasable","13":"product-type-variable","14":"has-default-attributes"},"_links":{"self":[{"href":"https:\/\/www.krispper.si\/de\/wp-json\/wp\/v2\/product\/9380","targetHints":{"allow":["GET"]}}],"collection":[{"href":"https:\/\/www.krispper.si\/de\/wp-json\/wp\/v2\/product"}],"about":[{"href":"https:\/\/www.krispper.si\/de\/wp-json\/wp\/v2\/types\/product"}],"wp:featuredmedia":[{"embeddable":true,"href":"https:\/\/www.krispper.si\/de\/wp-json\/wp\/v2\/media\/8145"}],"wp:attachment":[{"href":"https:\/\/www.krispper.si\/de\/wp-json\/wp\/v2\/media?parent=9380"}],"wp:term":[{"taxonomy":"product_brand","embeddable":true,"href":"https:\/\/www.krispper.si\/de\/wp-json\/wp\/v2\/product_brand?post=9380"},{"taxonomy":"product_cat","embeddable":true,"href":"https:\/\/www.krispper.si\/de\/wp-json\/wp\/v2\/product_cat?post=9380"},{"taxonomy":"product_tag","embeddable":true,"href":"https:\/\/www.krispper.si\/de\/wp-json\/wp\/v2\/product_tag?post=9380"}],"curies":[{"name":"wp","href":"https:\/\/api.w.org\/{rel}","templated":true}]}}