{"id":9344,"date":"2025-06-03T12:11:01","date_gmt":"2025-06-03T12:11:01","guid":{"rendered":"https:\/\/www.krispper.si\/product\/pinekrisp-ananas-original\/"},"modified":"2025-06-03T12:11:01","modified_gmt":"2025-06-03T11:11:01","slug":"pinekrisp-ananas-original","status":"publish","type":"product","link":"https:\/\/www.krispper.si\/de\/produkt\/pinekrisp-ananas-original\/","title":{"rendered":"Pinekrisp &#8211; Ananas Original"},"content":{"rendered":"<section class=\"applekrisp\" aria-label=\"Pinekrisp opis izdelka\">\n<div class=\"applekrisp__card\">\n<header class=\"applekrisp__header\">\n<h2 class=\"applekrisp__title\">Pinekrisp Ananas<\/h2>\n<p class=\"applekrisp__lead\">\n Pinekrisp Ananas ist ein knuspriger Fruchtsnack aus Ananas in ihrer urspr\u00fcnglichen Form. Er betont die nat\u00fcrliche Fruchts\u00fc\u00dfe und Frische und bietet einen reinen und einfachen Geschmack ohne Zus\u00e4tze.\n      <\/p>\n<\/header>\n<ul class=\"applekrisp__badges\" role=\"list\">\n<li class=\"applekrisp__badge\">100 % Frucht<\/li>\n<li class=\"applekrisp__badge\">Ohne Zuckerzusatz<\/li>\n<li class=\"applekrisp__badge\">Ohne Konservierungsstoffe<\/li>\n<li class=\"applekrisp__badge\">Ohne k\u00fcnstliche Zus\u00e4tze<\/li>\n<\/ul>\n<div class=\"applekrisp__content\">\n<h3 class=\"applekrisp__subtitle\">Wie kannst du ihn genie\u00dfen?<\/h3>\n<p>\n Der Snack ist f\u00fcr alle geeignet, die den ausgepr\u00e4gten und nat\u00fcrlichen Geschmack von Ananas in knuspriger Form sch\u00e4tzen. Er ist hervorragend als Snack zu Hause, in der Schule oder bei der Arbeit, aber auch als Knabberei beim geselligen Beisammensein. Er passt gut zu Joghurt, M\u00fcsli, Milchprodukten, Obstsalaten und als erfrischende Erg\u00e4nzung zu verschiedenen Gerichten.\n      <\/p>\n<h3 class=\"applekrisp__subtitle\">Wie entsteht er?<\/h3>\n<p>\n Die Ananas wird durch ein einzigartiges Vakuumtrocknungsverfahren bei niedriger Temperatur und geringem Druck ohne vorheriges Einfrieren zubereitet, wodurch das nat\u00fcrliche Aroma, die Farbe und die N\u00e4hrstoffe sowie die charakteristische Krispper Knusprigkeit erhalten bleiben.\n      <\/p>\n<\/p><\/div>\n<footer class=\"applekrisp__footer\">\n      <strong class=\"applekrisp__tagline\">Reiner tropischer Geschmack in knuspriger Form.<\/strong><br \/>\n    <\/footer>\n<\/p><\/div>\n<\/section>\n","protected":false},"excerpt":{"rendered":"<p>Pinekrisp Ananas Pinekrisp Ananas ist ein knuspriger Fruchtsnack aus Ananas in ihrer urspr\u00fcnglichen Form. Er betont die nat\u00fcrliche Fruchts\u00fc\u00dfe und Frische und bietet einen reinen und einfachen Geschmack ohne Zus\u00e4tze. 100 % Frucht Ohne Zuckerzusatz Ohne Konservierungsstoffe Ohne k\u00fcnstliche Zus\u00e4tze Wie kannst du ihn genie\u00dfen? Der Snack ist f\u00fcr alle geeignet, die den ausgepr\u00e4gten und [&hellip;]<\/p>\n","protected":false},"featured_media":7783,"template":"","meta":[],"product_brand":[],"product_cat":[94],"product_tag":[],"class_list":{"0":"post-9344","1":"product","2":"type-product","3":"status-publish","4":"has-post-thumbnail","6":"product_cat-gemischtes-obst","8":"first","9":"instock","10":"taxable","11":"shipping-taxable","12":"purchasable","13":"product-type-variable","14":"has-default-attributes"},"_links":{"self":[{"href":"https:\/\/www.krispper.si\/de\/wp-json\/wp\/v2\/product\/9344","targetHints":{"allow":["GET"]}}],"collection":[{"href":"https:\/\/www.krispper.si\/de\/wp-json\/wp\/v2\/product"}],"about":[{"href":"https:\/\/www.krispper.si\/de\/wp-json\/wp\/v2\/types\/product"}],"wp:featuredmedia":[{"embeddable":true,"href":"https:\/\/www.krispper.si\/de\/wp-json\/wp\/v2\/media\/7783"}],"wp:attachment":[{"href":"https:\/\/www.krispper.si\/de\/wp-json\/wp\/v2\/media?parent=9344"}],"wp:term":[{"taxonomy":"product_brand","embeddable":true,"href":"https:\/\/www.krispper.si\/de\/wp-json\/wp\/v2\/product_brand?post=9344"},{"taxonomy":"product_cat","embeddable":true,"href":"https:\/\/www.krispper.si\/de\/wp-json\/wp\/v2\/product_cat?post=9344"},{"taxonomy":"product_tag","embeddable":true,"href":"https:\/\/www.krispper.si\/de\/wp-json\/wp\/v2\/product_tag?post=9344"}],"curies":[{"name":"wp","href":"https:\/\/api.w.org\/{rel}","templated":true}]}}