{"id":9322,"date":"2025-06-03T12:09:04","date_gmt":"2025-06-03T12:09:04","guid":{"rendered":"https:\/\/www.krispper.si\/product\/applekrisp-apfelchips-mit-heidelbeer-und-orangengeschmack\/"},"modified":"2025-06-03T12:09:04","modified_gmt":"2025-06-03T11:09:04","slug":"applekrisp-apfelchips-mit-heidelbeer-und-orangengeschmack","status":"publish","type":"product","link":"https:\/\/www.krispper.si\/de\/produkt\/applekrisp-apfelchips-mit-heidelbeer-und-orangengeschmack\/","title":{"rendered":"Applekrisp &#8211; Apfelchips mit Heidelbeer- und Orangengeschmack"},"content":{"rendered":"<section class=\"applekrisp\" aria-label=\"Applekrisp opis izdelka\">\n<div class=\"applekrisp__card\">\n<header class=\"applekrisp__header\">\n<h2 class=\"applekrisp__title\">Apfelchips verfeinert mit Heidelbeeren und Orange<\/h2>\n<p class=\"applekrisp__lead\">\n Applekrisp Apfelchips sind ein knuspriger Fruchtsnack aus \u00c4pfeln, verfeinert mit nat\u00fcrlichem Heidelbeer- und Orangengeschmack. Sie bieten eine ausgewogene Kombination aus fruchtiger S\u00fc\u00dfe, leichter S\u00e4ure und Frische.\n      <\/p>\n<\/header>\n<ul class=\"applekrisp__badges\" role=\"list\">\n<li class=\"applekrisp__badge\">100 % Frucht<\/li>\n<li class=\"applekrisp__badge\">Ohne Zuckerzusatz<\/li>\n<li class=\"applekrisp__badge\">Ohne Konservierungsstoffe<\/li>\n<li class=\"applekrisp__badge\">Ohne k\u00fcnstliche Zus\u00e4tze<\/li>\n<\/ul>\n<div class=\"applekrisp__content\">\n<h3 class=\"applekrisp__subtitle\">Wie kannst du sie genie\u00dfen?<\/h3>\n<p>\n Der Snack ist ideal f\u00fcr alle, die fruchtigen Geschmack mit erfrischender Note m\u00f6gen. Perfekt als Zwischenmahlzeit zu Hause, in der Schule oder im B\u00fcro sowie als Snack beim geselligen Beisammensein. Passt hervorragend zu Joghurt, M\u00fcsli, Milchprodukten, Obst- und Gem\u00fcsesalaten sowie als knuspriges Topping zu verschiedenen Gerichten.\n      <\/p>\n<h3 class=\"applekrisp__subtitle\">Wie werden sie hergestellt?<\/h3>\n<p>\n Die Chips entstehen durch ein einzigartiges Vakuumtrocknungsverfahren bei niedriger Temperatur und niedrigem Druck, ohne vorheriges Einfrieren, wodurch das nat\u00fcrliche Aroma, die Farbe und die N\u00e4hrstoffe der Frucht sowie die charakteristische Krispper-Knusprigkeit erhalten bleiben.\n      <\/p>\n<\/p><\/div>\n<footer class=\"applekrisp__footer\">\n      <strong class=\"applekrisp__tagline\">Fruchtfrische in knuspriger Form.<\/strong><br \/>\n    <\/footer>\n<\/p><\/div>\n<\/section>\n","protected":false},"excerpt":{"rendered":"<p>Apfelchips verfeinert mit Heidelbeeren und Orange Applekrisp Apfelchips sind ein knuspriger Fruchtsnack aus \u00c4pfeln, verfeinert mit nat\u00fcrlichem Heidelbeer- und Orangengeschmack. Sie bieten eine ausgewogene Kombination aus fruchtiger S\u00fc\u00dfe, leichter S\u00e4ure und Frische. 100 % Frucht Ohne Zuckerzusatz Ohne Konservierungsstoffe Ohne k\u00fcnstliche Zus\u00e4tze Wie kannst du sie genie\u00dfen? Der Snack ist ideal f\u00fcr alle, die fruchtigen [&hellip;]<\/p>\n","protected":false},"featured_media":8104,"template":"","meta":[],"product_brand":[],"product_cat":[94],"product_tag":[],"class_list":{"0":"post-9322","1":"product","2":"type-product","3":"status-publish","4":"has-post-thumbnail","6":"product_cat-gemischtes-obst","8":"first","9":"instock","10":"taxable","11":"shipping-taxable","12":"purchasable","13":"product-type-variable","14":"has-default-attributes"},"_links":{"self":[{"href":"https:\/\/www.krispper.si\/de\/wp-json\/wp\/v2\/product\/9322","targetHints":{"allow":["GET"]}}],"collection":[{"href":"https:\/\/www.krispper.si\/de\/wp-json\/wp\/v2\/product"}],"about":[{"href":"https:\/\/www.krispper.si\/de\/wp-json\/wp\/v2\/types\/product"}],"wp:featuredmedia":[{"embeddable":true,"href":"https:\/\/www.krispper.si\/de\/wp-json\/wp\/v2\/media\/8104"}],"wp:attachment":[{"href":"https:\/\/www.krispper.si\/de\/wp-json\/wp\/v2\/media?parent=9322"}],"wp:term":[{"taxonomy":"product_brand","embeddable":true,"href":"https:\/\/www.krispper.si\/de\/wp-json\/wp\/v2\/product_brand?post=9322"},{"taxonomy":"product_cat","embeddable":true,"href":"https:\/\/www.krispper.si\/de\/wp-json\/wp\/v2\/product_cat?post=9322"},{"taxonomy":"product_tag","embeddable":true,"href":"https:\/\/www.krispper.si\/de\/wp-json\/wp\/v2\/product_tag?post=9322"}],"curies":[{"name":"wp","href":"https:\/\/api.w.org\/{rel}","templated":true}]}}