{"id":9295,"date":"2025-07-11T08:41:58","date_gmt":"2025-07-11T08:41:58","guid":{"rendered":"https:\/\/www.krispper.si\/product\/applekrisp-apfel-crisps-mit-zimtgeschmack\/"},"modified":"2025-07-11T08:41:58","modified_gmt":"2025-07-11T07:41:58","slug":"applekrisp-apfel-crisps-mit-zimtgeschmack","status":"publish","type":"product","link":"https:\/\/www.krispper.si\/de\/produkt\/applekrisp-apfel-crisps-mit-zimtgeschmack\/","title":{"rendered":"Applekrisp \u2013 Apfel-Crisps mit Zimtgeschmack"},"content":{"rendered":"<section class=\"applekrisp\" aria-label=\"Applekrisp opis izdelka\">\n<div class=\"applekrisp__card\">\n<header class=\"applekrisp__header\">\n<h2 class=\"applekrisp__title\">Applekrisp Apfel-Crisps<\/h2>\n<p class=\"applekrisp__lead\">\n Applekrisp Apfel-Crisps sind ein knuspriger Fruchtsnack aus \u00c4pfeln, angereichert mit nat\u00fcrlichem Zimtgeschmack. Sie bieten eine angenehme Geschmacksw\u00e4rme und eine ausgewogene Kombination aus Fruchts\u00fc\u00dfe und aromatischen Noten.\n      <\/p>\n<\/header>\n<ul class=\"applekrisp__badges\" role=\"list\">\n<li class=\"applekrisp__badge\">100 % Frucht<\/li>\n<li class=\"applekrisp__badge\">Ohne Zuckerzusatz<\/li>\n<li class=\"applekrisp__badge\">Ohne Konservierungsstoffe<\/li>\n<li class=\"applekrisp__badge\">Ohne k\u00fcnstliche Zusatzstoffe<\/li>\n<\/ul>\n<div class=\"applekrisp__content\">\n<h3 class=\"applekrisp__subtitle\">Wie kannst du sie genie\u00dfen?<\/h3>\n<p>\n Dieser Snack ist f\u00fcr alle geeignet, die einen klassischen Fruchtgeschmack mit aromatischem Akzent w\u00fcnschen. Er ist ideal als Snack zu Hause, in der Schule oder bei der Arbeit, sowie als Knabberei beim geselligen Beisammensein. Passt gut zu Joghurt, M\u00fcsli, Milchprodukten, Obstsalaten und als knusprige Beilage zu verschiedenen Gerichten.\n      <\/p>\n<h3 class=\"applekrisp__subtitle\">Wie entstehen sie?<\/h3>\n<p>\n Die Crisps entstehen durch ein einzigartiges Vakuumtrocknungsverfahren bei niedriger Temperatur und Druck, ohne vorheriges Einfrieren. Dies erm\u00f6glicht die Bewahrung des nat\u00fcrlichen Aromas, der Farbe und der N\u00e4hrstoffe der Fr\u00fcchte sowie der charakteristischen Krispper-Knusprigkeit.\n      <\/p>\n<\/p><\/div>\n<footer class=\"applekrisp__footer\">\n      <strong class=\"applekrisp__tagline\">Klassischer Geschmack in knuspriger Form.<\/strong><br \/>\n    <\/footer>\n<\/p><\/div>\n<\/section>\n","protected":false},"excerpt":{"rendered":"<p>Applekrisp Apfel-Crisps Applekrisp Apfel-Crisps sind ein knuspriger Fruchtsnack aus \u00c4pfeln, angereichert mit nat\u00fcrlichem Zimtgeschmack. Sie bieten eine angenehme Geschmacksw\u00e4rme und eine ausgewogene Kombination aus Fruchts\u00fc\u00dfe und aromatischen Noten. 100 % Frucht Ohne Zuckerzusatz Ohne Konservierungsstoffe Ohne k\u00fcnstliche Zusatzstoffe Wie kannst du sie genie\u00dfen? Dieser Snack ist f\u00fcr alle geeignet, die einen klassischen Fruchtgeschmack mit aromatischem [&hellip;]<\/p>\n","protected":false},"featured_media":8112,"template":"","meta":[],"product_brand":[],"product_cat":[94],"product_tag":[],"class_list":{"0":"post-9295","1":"product","2":"type-product","3":"status-publish","4":"has-post-thumbnail","6":"product_cat-gemischtes-obst","8":"first","9":"instock","10":"taxable","11":"shipping-taxable","12":"purchasable","13":"product-type-variable","14":"has-default-attributes"},"_links":{"self":[{"href":"https:\/\/www.krispper.si\/de\/wp-json\/wp\/v2\/product\/9295","targetHints":{"allow":["GET"]}}],"collection":[{"href":"https:\/\/www.krispper.si\/de\/wp-json\/wp\/v2\/product"}],"about":[{"href":"https:\/\/www.krispper.si\/de\/wp-json\/wp\/v2\/types\/product"}],"wp:featuredmedia":[{"embeddable":true,"href":"https:\/\/www.krispper.si\/de\/wp-json\/wp\/v2\/media\/8112"}],"wp:attachment":[{"href":"https:\/\/www.krispper.si\/de\/wp-json\/wp\/v2\/media?parent=9295"}],"wp:term":[{"taxonomy":"product_brand","embeddable":true,"href":"https:\/\/www.krispper.si\/de\/wp-json\/wp\/v2\/product_brand?post=9295"},{"taxonomy":"product_cat","embeddable":true,"href":"https:\/\/www.krispper.si\/de\/wp-json\/wp\/v2\/product_cat?post=9295"},{"taxonomy":"product_tag","embeddable":true,"href":"https:\/\/www.krispper.si\/de\/wp-json\/wp\/v2\/product_tag?post=9295"}],"curies":[{"name":"wp","href":"https:\/\/api.w.org\/{rel}","templated":true}]}}