{"id":9286,"date":"2025-07-11T08:38:15","date_gmt":"2025-07-11T08:38:15","guid":{"rendered":"https:\/\/www.krispper.si\/product\/applekrisp-apfelringe-original\/"},"modified":"2025-07-11T08:38:15","modified_gmt":"2025-07-11T07:38:15","slug":"applekrisp-apfelringe-original","status":"publish","type":"product","link":"https:\/\/www.krispper.si\/de\/produkt\/applekrisp-apfelringe-original\/","title":{"rendered":"Applekrisp &#8211; Apfelringe Original"},"content":{"rendered":"<section class=\"applekrisp\" aria-label=\"Applekrisp opis izdelka\">\n<div class=\"applekrisp__card\">\n<header class=\"applekrisp__header\">\n<h2 class=\"applekrisp__title\">Applekrisp Apfelringe<\/h2>\n<p class=\"applekrisp__lead\">Applekrisp Apfelringe sind ein knuspriger Fruchtsnack aus \u00c4pfeln in ihrer urspr\u00fcnglichen Form. Sie betonen den reinen Fruchtgeschmack und bieten ein einfaches, nat\u00fcrliches Erlebnis ohne zus\u00e4tzliche Aromen. <\/p>\n<\/header>\n<ul class=\"applekrisp__badges\" role=\"list\">\n<li class=\"applekrisp__badge\">100 % Frucht<\/li>\n<li class=\"applekrisp__badge\">Ohne Zuckerzusatz<\/li>\n<li class=\"applekrisp__badge\">Ohne Konservierungsstoffe<\/li>\n<li class=\"applekrisp__badge\">Ohne k\u00fcnstliche Zus\u00e4tze<\/li>\n<\/ul>\n<div class=\"applekrisp__content\">\n<h3 class=\"applekrisp__subtitle\">Wie genie\u00dfen?<\/h3>\n<p>Der Snack eignet sich f\u00fcr alle, die den nat\u00fcrlichen Fruchtgeschmack in knuspriger Form sch\u00e4tzen. Er ist ideal als Zwischenmahlzeit zu Hause, in der Schule oder bei der Arbeit sowie als Snack f\u00fcr zwischendurch. Er passt gut zu Joghurt, M\u00fcsli, Milchprodukten, Obstsalaten oder als einfache Erg\u00e4nzung zu verschiedenen Gerichten.  <\/p>\n<h3 class=\"applekrisp__subtitle\">Wie wird es hergestellt?<\/h3>\n<p>Die Apfelringe werden in einem einzigartigen Vakuumtrocknungsverfahren bei niedriger Temperatur und niedrigem Druck ohne vorheriges Einfrieren hergestellt. Dieses Verfahren erm\u00f6glicht es der Frucht, ihr nat\u00fcrliches Aroma, ihre Farbe und ihre N\u00e4hrstoffe zu bewahren und die charakteristische Krispper-Knusprigkeit zu erhalten. <\/p>\n<\/div>\n<footer class=\"applekrisp__footer\"><strong class=\"applekrisp__tagline\">Reiner Fruchtgeschmack in knuspriger Form.<\/strong><\/footer>\n<\/div>\n<\/section>\n","protected":false},"excerpt":{"rendered":"<p>Applekrisp Apfelringe Applekrisp Apfelringe sind ein knuspriger Fruchtsnack aus \u00c4pfeln in ihrer urspr\u00fcnglichen Form. Sie betonen den reinen Fruchtgeschmack und bieten ein einfaches, nat\u00fcrliches Erlebnis ohne zus\u00e4tzliche Aromen. 100 % Frucht Ohne Zuckerzusatz Ohne Konservierungsstoffe Ohne k\u00fcnstliche Zus\u00e4tze Wie genie\u00dfen? Der Snack eignet sich f\u00fcr alle, die den nat\u00fcrlichen Fruchtgeschmack in knuspriger Form sch\u00e4tzen. Er [&hellip;]<\/p>\n","protected":false},"featured_media":8154,"template":"","meta":[],"product_brand":[],"product_cat":[91],"product_tag":[],"class_list":{"0":"post-9286","1":"product","2":"type-product","3":"status-publish","4":"has-post-thumbnail","6":"product_cat-apfel","8":"first","9":"instock","10":"taxable","11":"shipping-taxable","12":"purchasable","13":"product-type-variable","14":"has-default-attributes"},"_links":{"self":[{"href":"https:\/\/www.krispper.si\/de\/wp-json\/wp\/v2\/product\/9286","targetHints":{"allow":["GET"]}}],"collection":[{"href":"https:\/\/www.krispper.si\/de\/wp-json\/wp\/v2\/product"}],"about":[{"href":"https:\/\/www.krispper.si\/de\/wp-json\/wp\/v2\/types\/product"}],"wp:featuredmedia":[{"embeddable":true,"href":"https:\/\/www.krispper.si\/de\/wp-json\/wp\/v2\/media\/8154"}],"wp:attachment":[{"href":"https:\/\/www.krispper.si\/de\/wp-json\/wp\/v2\/media?parent=9286"}],"wp:term":[{"taxonomy":"product_brand","embeddable":true,"href":"https:\/\/www.krispper.si\/de\/wp-json\/wp\/v2\/product_brand?post=9286"},{"taxonomy":"product_cat","embeddable":true,"href":"https:\/\/www.krispper.si\/de\/wp-json\/wp\/v2\/product_cat?post=9286"},{"taxonomy":"product_tag","embeddable":true,"href":"https:\/\/www.krispper.si\/de\/wp-json\/wp\/v2\/product_tag?post=9286"}],"curies":[{"name":"wp","href":"https:\/\/api.w.org\/{rel}","templated":true}]}}